{"id":984,"date":"2025-07-01T18:59:41","date_gmt":"2025-07-01T18:59:41","guid":{"rendered":"https:\/\/fluohead-dev.com\/vancia\/contact\/"},"modified":"2026-02-25T08:25:55","modified_gmt":"2026-02-25T08:25:55","slug":"contact","status":"publish","type":"page","link":"https:\/\/vancia.com\/fr\/contact\/","title":{"rendered":"Contact"},"content":{"rendered":"\n<div class=\"wpcf7 no-js\" id=\"wpcf7-f1120-o1\" lang=\"fr-FR\" dir=\"ltr\" data-wpcf7-id=\"1120\">\n<div class=\"screen-reader-response\"><p role=\"status\" aria-live=\"polite\" aria-atomic=\"true\"><\/p> <ul><\/ul><\/div>\n<form action=\"\/fr\/wp-json\/wp\/v2\/pages\/984#wpcf7-f1120-o1\" method=\"post\" class=\"wpcf7-form init\" aria-label=\"Formulaire de contact\" novalidate=\"novalidate\" data-status=\"init\">\n<fieldset class=\"hidden-fields-container\"><input type=\"hidden\" name=\"_wpcf7\" value=\"1120\" \/><input type=\"hidden\" name=\"_wpcf7_version\" value=\"6.1.5\" \/><input type=\"hidden\" name=\"_wpcf7_locale\" value=\"fr_FR\" \/><input type=\"hidden\" name=\"_wpcf7_unit_tag\" value=\"wpcf7-f1120-o1\" \/><input type=\"hidden\" name=\"_wpcf7_container_post\" value=\"0\" \/><input type=\"hidden\" name=\"_wpcf7_posted_data_hash\" value=\"\" \/><input type=\"hidden\" name=\"_wpcf7_recaptcha_response\" value=\"\" \/>\n<\/fieldset>\n<div class=\"container contact-page-form\">\n\t<div class=\"row\">\n\t\t<div class=\"col-12\">\n\t\t\t<p class=\" font-mundial-regular font-16 color-primary mb-24\">Vous avez une question ou besoin de conseils ? N\u2019h\u00e9sitez pas \u00e0 nous envoyer un message.\n\t\t\t<\/p>\n\t\t\t<p class=\" font-mundial-light font-13 color-primary mb-24\">Nous r\u00e9pondrons \u00e0 votre demande dans les plus brefs d\u00e9lais. Pour toute question urgente, veuillez nous appeler au +32 56 34 57 81<br \/>\n<b>Souhaitez-vous demander un devis ? <a href=\"https:\/\/fluohead-dev.com\/vancia\/offerte-aanvragen\/\" class=\"color-primary\">Cliquez ici.<\/a><\/b>\n\t\t\t<\/p>\n\t\t<\/div>\n\t<\/div>\n\t<div class=\"row\">\n\t\t<div class=\"col-12 col-sm-6\">\n\t\t\t<div class=\"contact-page-form-control\">\n\t\t\t\t<p><span class=\"wpcf7-form-control-wrap\" data-name=\"first-name-last-name\"><input size=\"40\" maxlength=\"400\" class=\"wpcf7-form-control wpcf7-text wpcf7-validates-as-required\" aria-required=\"true\" aria-invalid=\"false\" placeholder=\"Nom et pr\u00e9nom*\" value=\"\" type=\"text\" name=\"first-name-last-name\" \/><\/span>\n\t\t\t\t<\/p>\n\t\t\t<\/div>\n\t\t\t<div class=\"contact-page-form-control\">\n\t\t\t\t<p><span class=\"wpcf7-form-control-wrap\" data-name=\"email-address\"><input size=\"40\" maxlength=\"400\" class=\"wpcf7-form-control wpcf7-email wpcf7-validates-as-required wpcf7-text wpcf7-validates-as-email\" aria-required=\"true\" aria-invalid=\"false\" placeholder=\"E-mail*\" value=\"\" type=\"email\" name=\"email-address\" \/><\/span>\n\t\t\t\t<\/p>\n\t\t\t<\/div>\n\t\t\t<div class=\"contact-page-form-control mb-0\">\n\t\t\t\t<p><span class=\"wpcf7-form-control-wrap\" data-name=\"bedrijf\"><input size=\"40\" maxlength=\"400\" class=\"wpcf7-form-control wpcf7-text wpcf7-validates-as-required\" aria-required=\"true\" aria-invalid=\"false\" placeholder=\"Entreprise*\" value=\"\" type=\"text\" name=\"bedrijf\" \/><\/span>\n\t\t\t\t<\/p>\n\t\t\t<\/div>\n\t\t<\/div>\n\t\t<div class=\"col-12 col-sm-6\">\n\t\t\t<div class=\"contact-page-form-control message-textarea\">\n\t\t\t\t<p><span class=\"wpcf7-form-control-wrap\" data-name=\"bericht\"><textarea cols=\"40\" rows=\"10\" maxlength=\"2000\" class=\"wpcf7-form-control wpcf7-textarea\" aria-invalid=\"false\" placeholder=\"Votre message\" name=\"bericht\"><\/textarea><\/span>\n\t\t\t\t<\/p>\n\t\t\t<\/div>\n\t\t<\/div>\n\t\t<div class=\"col-12\">\n\t\t\t<div class=\"flex-submit\">\n\t\t\t\t<div class=\"gdpr\">\n\t\t\t\t\t<p><span class=\"wpcf7-form-control-wrap\" data-name=\"gdpr\"><span class=\"wpcf7-form-control wpcf7-acceptance optional\"><span class=\"wpcf7-list-item\"><label><input type=\"checkbox\" name=\"gdpr\" value=\"1\" aria-invalid=\"false\" \/><span class=\"wpcf7-list-item-label\">J'accepte la politique de confidentialit\u00e9<\/span><\/label><\/span><\/span><\/span>\n\t\t\t\t\t<\/p>\n\t\t\t\t<\/div>\n\t\t\t\t<div class=\"submit-form\">\n\t\t\t\t\t<p><input class=\"wpcf7-form-control wpcf7-submit has-spinner btn-regular variant-primary\" type=\"submit\" value=\"Envoyer\" \/>\n\t\t\t\t\t<\/p>\n\t\t\t\t<\/div>\n\t\t\t<\/div>\n\t\t<\/div>\n\t<\/div>\n<\/div><div class=\"wpcf7-response-output\" aria-hidden=\"true\"><\/div>\n<\/form>\n<\/div>\n\n","protected":false},"excerpt":{"rendered":"","protected":false},"author":1,"featured_media":0,"parent":0,"menu_order":0,"comment_status":"closed","ping_status":"closed","template":"page-contact.php","meta":{"_acf_changed":false,"footnotes":""},"class_list":["post-984","page","type-page","status-publish","hentry"],"acf":[],"yoast_head":"<!-- This site is optimized with the Yoast SEO plugin v26.9 - https:\/\/yoast.com\/product\/yoast-seo-wordpress\/ -->\n<title>Contact - Vancia<\/title>\n<meta name=\"description\" content=\"Une question ou envie de discuter ? Contactez-nous ! Retrouvez nos coordonn\u00e9es sur la page Contact ou remplissez le formulaire de contact.\" \/>\n<meta name=\"robots\" content=\"index, follow, max-snippet:-1, max-image-preview:large, max-video-preview:-1\" \/>\n<link rel=\"canonical\" href=\"https:\/\/vancia.com\/fr\/contact\/\" \/>\n<meta property=\"og:locale\" content=\"fr_FR\" \/>\n<meta property=\"og:type\" content=\"article\" \/>\n<meta property=\"og:title\" content=\"Contact - Vancia\" \/>\n<meta property=\"og:description\" content=\"Une question ou envie de discuter ? Contactez-nous ! Retrouvez nos coordonn\u00e9es sur la page Contact ou remplissez le formulaire de contact.\" \/>\n<meta property=\"og:url\" content=\"https:\/\/vancia.com\/fr\/contact\/\" \/>\n<meta property=\"og:site_name\" content=\"Vancia\" \/>\n<meta property=\"article:modified_time\" content=\"2026-02-25T08:25:55+00:00\" \/>\n<meta name=\"twitter:card\" content=\"summary_large_image\" \/>\n<meta name=\"twitter:label1\" content=\"Dur\u00e9e de lecture estim\u00e9e\" \/>\n\t<meta name=\"twitter:data1\" content=\"1 minute\" \/>\n<script type=\"application\/ld+json\" class=\"yoast-schema-graph\">{\"@context\":\"https:\/\/schema.org\",\"@graph\":[{\"@type\":\"WebPage\",\"@id\":\"https:\/\/vancia.com\/fr\/contact\/\",\"url\":\"https:\/\/vancia.com\/fr\/contact\/\",\"name\":\"Contact - Vancia\",\"isPartOf\":{\"@id\":\"https:\/\/vancia.com\/#website\"},\"datePublished\":\"2025-07-01T18:59:41+00:00\",\"dateModified\":\"2026-02-25T08:25:55+00:00\",\"description\":\"Une question ou envie de discuter ? Contactez-nous ! Retrouvez nos coordonn\u00e9es sur la page Contact ou remplissez le formulaire de contact.\",\"breadcrumb\":{\"@id\":\"https:\/\/vancia.com\/fr\/contact\/#breadcrumb\"},\"inLanguage\":\"fr-FR\",\"potentialAction\":[{\"@type\":\"ReadAction\",\"target\":[\"https:\/\/vancia.com\/fr\/contact\/\"]}]},{\"@type\":\"BreadcrumbList\",\"@id\":\"https:\/\/vancia.com\/fr\/contact\/#breadcrumb\",\"itemListElement\":[{\"@type\":\"ListItem\",\"position\":1,\"name\":\"Home\",\"item\":\"https:\/\/vancia.com\/fr\/\"},{\"@type\":\"ListItem\",\"position\":2,\"name\":\"Contact\"}]},{\"@type\":\"WebSite\",\"@id\":\"https:\/\/vancia.com\/#website\",\"url\":\"https:\/\/vancia.com\/\",\"name\":\"Vancia\",\"description\":\"\",\"potentialAction\":[{\"@type\":\"SearchAction\",\"target\":{\"@type\":\"EntryPoint\",\"urlTemplate\":\"https:\/\/vancia.com\/?s={search_term_string}\"},\"query-input\":{\"@type\":\"PropertyValueSpecification\",\"valueRequired\":true,\"valueName\":\"search_term_string\"}}],\"inLanguage\":\"fr-FR\"}]}<\/script>\n<!-- \/ Yoast SEO plugin. -->","yoast_head_json":{"title":"Contact - Vancia","description":"Une question ou envie de discuter ? Contactez-nous ! Retrouvez nos coordonn\u00e9es sur la page Contact ou remplissez le formulaire de contact.","robots":{"index":"index","follow":"follow","max-snippet":"max-snippet:-1","max-image-preview":"max-image-preview:large","max-video-preview":"max-video-preview:-1"},"canonical":"https:\/\/vancia.com\/fr\/contact\/","og_locale":"fr_FR","og_type":"article","og_title":"Contact - Vancia","og_description":"Une question ou envie de discuter ? Contactez-nous ! Retrouvez nos coordonn\u00e9es sur la page Contact ou remplissez le formulaire de contact.","og_url":"https:\/\/vancia.com\/fr\/contact\/","og_site_name":"Vancia","article_modified_time":"2026-02-25T08:25:55+00:00","twitter_card":"summary_large_image","twitter_misc":{"Dur\u00e9e de lecture estim\u00e9e":"1 minute"},"schema":{"@context":"https:\/\/schema.org","@graph":[{"@type":"WebPage","@id":"https:\/\/vancia.com\/fr\/contact\/","url":"https:\/\/vancia.com\/fr\/contact\/","name":"Contact - Vancia","isPartOf":{"@id":"https:\/\/vancia.com\/#website"},"datePublished":"2025-07-01T18:59:41+00:00","dateModified":"2026-02-25T08:25:55+00:00","description":"Une question ou envie de discuter ? Contactez-nous ! Retrouvez nos coordonn\u00e9es sur la page Contact ou remplissez le formulaire de contact.","breadcrumb":{"@id":"https:\/\/vancia.com\/fr\/contact\/#breadcrumb"},"inLanguage":"fr-FR","potentialAction":[{"@type":"ReadAction","target":["https:\/\/vancia.com\/fr\/contact\/"]}]},{"@type":"BreadcrumbList","@id":"https:\/\/vancia.com\/fr\/contact\/#breadcrumb","itemListElement":[{"@type":"ListItem","position":1,"name":"Home","item":"https:\/\/vancia.com\/fr\/"},{"@type":"ListItem","position":2,"name":"Contact"}]},{"@type":"WebSite","@id":"https:\/\/vancia.com\/#website","url":"https:\/\/vancia.com\/","name":"Vancia","description":"","potentialAction":[{"@type":"SearchAction","target":{"@type":"EntryPoint","urlTemplate":"https:\/\/vancia.com\/?s={search_term_string}"},"query-input":{"@type":"PropertyValueSpecification","valueRequired":true,"valueName":"search_term_string"}}],"inLanguage":"fr-FR"}]}},"_links":{"self":[{"href":"https:\/\/vancia.com\/fr\/wp-json\/wp\/v2\/pages\/984","targetHints":{"allow":["GET"]}}],"collection":[{"href":"https:\/\/vancia.com\/fr\/wp-json\/wp\/v2\/pages"}],"about":[{"href":"https:\/\/vancia.com\/fr\/wp-json\/wp\/v2\/types\/page"}],"author":[{"embeddable":true,"href":"https:\/\/vancia.com\/fr\/wp-json\/wp\/v2\/users\/1"}],"replies":[{"embeddable":true,"href":"https:\/\/vancia.com\/fr\/wp-json\/wp\/v2\/comments?post=984"}],"version-history":[{"count":40,"href":"https:\/\/vancia.com\/fr\/wp-json\/wp\/v2\/pages\/984\/revisions"}],"predecessor-version":[{"id":2558,"href":"https:\/\/vancia.com\/fr\/wp-json\/wp\/v2\/pages\/984\/revisions\/2558"}],"wp:attachment":[{"href":"https:\/\/vancia.com\/fr\/wp-json\/wp\/v2\/media?parent=984"}],"curies":[{"name":"wp","href":"https:\/\/api.w.org\/{rel}","templated":true}]}}