{"id":975,"date":"2025-07-14T19:54:55","date_gmt":"2025-07-14T19:54:55","guid":{"rendered":"https:\/\/fluohead-dev.com\/vancia\/offerte-aanvragen\/"},"modified":"2026-02-25T08:45:35","modified_gmt":"2026-02-25T08:45:35","slug":"offerte-aanvragen","status":"publish","type":"page","link":"https:\/\/vancia.com\/fr\/offerte-aanvragen\/","title":{"rendered":"Demande d&rsquo;offre"},"content":{"rendered":"<h1>Demandez votre offre de leasing personnalis\u00e9e<\/h1>\n<p>&nbsp;<\/p>\n<p>Vous savez d\u00e9j\u00e0 quel type de v\u00e9hicule ou quelle formule vous recherchez ? Remplissez alors notre formulaire de demande ci-dessous et nous vous enverrons une offre adapt\u00e9e dans les plus brefs d\u00e9lais. Vous souhaitez demander une offre pour plusieurs v\u00e9hicules ? Apr\u00e8s avoir soumis votre premi\u00e8re demande, vous pouvez en introduire une nouvelle en utilisant les m\u00eames coordonn\u00e9es d\u2019entreprise.<\/p>\n<p>&nbsp;<\/p>\n<p>Vous avez encore des questions sur le type de contrat qui vous convient le mieux ou besoin de conseils concernant nos services suppl\u00e9mentaires, tels que les cartes carburant et l\u2019assistance ? N\u2019h\u00e9sitez pas \u00e0 nous contacter \u00e0 l\u2019adresse <strong><a href=\"mailto:sales@vanciamobilitylease.com\">sales@vancia.com<\/a><\/strong> ou par t\u00e9l\u00e9phone au <strong>+32 (0)56 34 57 81<\/strong>.<\/p>\n<p>&nbsp;<\/p>\n<p>Cliquez sur la formule souhait\u00e9e \u00e0 l&rsquo;aide de la fl\u00e8che afin de pouvoir remplir les donn\u00e9es correctes.<\/p>\n","protected":false},"excerpt":{"rendered":"<p>Demandez votre offre de leasing personnalis\u00e9e &nbsp; Vous savez d\u00e9j\u00e0 quel type de v\u00e9hicule ou quelle formule vous recherchez ? Remplissez alors notre formulaire de demande ci-dessous et nous vous enverrons une offre adapt\u00e9e dans les plus brefs d\u00e9lais. Vous souhaitez demander une offre pour plusieurs v\u00e9hicules ? Apr\u00e8s avoir soumis votre premi\u00e8re demande, vous [&hellip;]<\/p>\n","protected":false},"author":1,"featured_media":0,"parent":0,"menu_order":0,"comment_status":"closed","ping_status":"closed","template":"page-testofferte.php","meta":{"_acf_changed":false,"footnotes":""},"class_list":["post-975","page","type-page","status-publish","hentry"],"acf":[],"yoast_head":"<!-- This site is optimized with the Yoast SEO plugin v26.9 - https:\/\/yoast.com\/product\/yoast-seo-wordpress\/ -->\n<title>Demande d&#039;offre - Vancia<\/title>\n<meta name=\"description\" content=\"Remplissez alors notre formulaire de demande ci-dessous et nous vous enverrons une offre adapt\u00e9e dans les plus brefs d\u00e9lais.\" \/>\n<meta name=\"robots\" content=\"index, follow, max-snippet:-1, max-image-preview:large, max-video-preview:-1\" \/>\n<link rel=\"canonical\" href=\"https:\/\/vancia.com\/fr\/offerte-aanvragen\/\" \/>\n<meta property=\"og:locale\" content=\"fr_FR\" \/>\n<meta property=\"og:type\" content=\"article\" \/>\n<meta property=\"og:title\" content=\"Demande d&#039;offre - Vancia\" \/>\n<meta property=\"og:description\" content=\"Remplissez alors notre formulaire de demande ci-dessous et nous vous enverrons une offre adapt\u00e9e dans les plus brefs d\u00e9lais.\" \/>\n<meta property=\"og:url\" content=\"https:\/\/vancia.com\/fr\/offerte-aanvragen\/\" \/>\n<meta property=\"og:site_name\" content=\"Vancia\" \/>\n<meta property=\"article:modified_time\" content=\"2026-02-25T08:45:35+00:00\" \/>\n<meta name=\"twitter:card\" content=\"summary_large_image\" \/>\n<meta name=\"twitter:label1\" content=\"Dur\u00e9e de lecture estim\u00e9e\" \/>\n\t<meta name=\"twitter:data1\" content=\"1 minute\" \/>\n<script type=\"application\/ld+json\" class=\"yoast-schema-graph\">{\"@context\":\"https:\/\/schema.org\",\"@graph\":[{\"@type\":\"WebPage\",\"@id\":\"https:\/\/vancia.com\/fr\/offerte-aanvragen\/\",\"url\":\"https:\/\/vancia.com\/fr\/offerte-aanvragen\/\",\"name\":\"Demande d'offre - Vancia\",\"isPartOf\":{\"@id\":\"https:\/\/vancia.com\/#website\"},\"datePublished\":\"2025-07-14T19:54:55+00:00\",\"dateModified\":\"2026-02-25T08:45:35+00:00\",\"description\":\"Remplissez alors notre formulaire de demande ci-dessous et nous vous enverrons une offre adapt\u00e9e dans les plus brefs d\u00e9lais.\",\"breadcrumb\":{\"@id\":\"https:\/\/vancia.com\/fr\/offerte-aanvragen\/#breadcrumb\"},\"inLanguage\":\"fr-FR\",\"potentialAction\":[{\"@type\":\"ReadAction\",\"target\":[\"https:\/\/vancia.com\/fr\/offerte-aanvragen\/\"]}]},{\"@type\":\"BreadcrumbList\",\"@id\":\"https:\/\/vancia.com\/fr\/offerte-aanvragen\/#breadcrumb\",\"itemListElement\":[{\"@type\":\"ListItem\",\"position\":1,\"name\":\"Home\",\"item\":\"https:\/\/vancia.com\/fr\/\"},{\"@type\":\"ListItem\",\"position\":2,\"name\":\"Demande d&#8217;offre\"}]},{\"@type\":\"WebSite\",\"@id\":\"https:\/\/vancia.com\/#website\",\"url\":\"https:\/\/vancia.com\/\",\"name\":\"Vancia\",\"description\":\"\",\"potentialAction\":[{\"@type\":\"SearchAction\",\"target\":{\"@type\":\"EntryPoint\",\"urlTemplate\":\"https:\/\/vancia.com\/?s={search_term_string}\"},\"query-input\":{\"@type\":\"PropertyValueSpecification\",\"valueRequired\":true,\"valueName\":\"search_term_string\"}}],\"inLanguage\":\"fr-FR\"}]}<\/script>\n<!-- \/ Yoast SEO plugin. -->","yoast_head_json":{"title":"Demande d'offre - Vancia","description":"Remplissez alors notre formulaire de demande ci-dessous et nous vous enverrons une offre adapt\u00e9e dans les plus brefs d\u00e9lais.","robots":{"index":"index","follow":"follow","max-snippet":"max-snippet:-1","max-image-preview":"max-image-preview:large","max-video-preview":"max-video-preview:-1"},"canonical":"https:\/\/vancia.com\/fr\/offerte-aanvragen\/","og_locale":"fr_FR","og_type":"article","og_title":"Demande d'offre - Vancia","og_description":"Remplissez alors notre formulaire de demande ci-dessous et nous vous enverrons une offre adapt\u00e9e dans les plus brefs d\u00e9lais.","og_url":"https:\/\/vancia.com\/fr\/offerte-aanvragen\/","og_site_name":"Vancia","article_modified_time":"2026-02-25T08:45:35+00:00","twitter_card":"summary_large_image","twitter_misc":{"Dur\u00e9e de lecture estim\u00e9e":"1 minute"},"schema":{"@context":"https:\/\/schema.org","@graph":[{"@type":"WebPage","@id":"https:\/\/vancia.com\/fr\/offerte-aanvragen\/","url":"https:\/\/vancia.com\/fr\/offerte-aanvragen\/","name":"Demande d'offre - Vancia","isPartOf":{"@id":"https:\/\/vancia.com\/#website"},"datePublished":"2025-07-14T19:54:55+00:00","dateModified":"2026-02-25T08:45:35+00:00","description":"Remplissez alors notre formulaire de demande ci-dessous et nous vous enverrons une offre adapt\u00e9e dans les plus brefs d\u00e9lais.","breadcrumb":{"@id":"https:\/\/vancia.com\/fr\/offerte-aanvragen\/#breadcrumb"},"inLanguage":"fr-FR","potentialAction":[{"@type":"ReadAction","target":["https:\/\/vancia.com\/fr\/offerte-aanvragen\/"]}]},{"@type":"BreadcrumbList","@id":"https:\/\/vancia.com\/fr\/offerte-aanvragen\/#breadcrumb","itemListElement":[{"@type":"ListItem","position":1,"name":"Home","item":"https:\/\/vancia.com\/fr\/"},{"@type":"ListItem","position":2,"name":"Demande d&#8217;offre"}]},{"@type":"WebSite","@id":"https:\/\/vancia.com\/#website","url":"https:\/\/vancia.com\/","name":"Vancia","description":"","potentialAction":[{"@type":"SearchAction","target":{"@type":"EntryPoint","urlTemplate":"https:\/\/vancia.com\/?s={search_term_string}"},"query-input":{"@type":"PropertyValueSpecification","valueRequired":true,"valueName":"search_term_string"}}],"inLanguage":"fr-FR"}]}},"_links":{"self":[{"href":"https:\/\/vancia.com\/fr\/wp-json\/wp\/v2\/pages\/975","targetHints":{"allow":["GET"]}}],"collection":[{"href":"https:\/\/vancia.com\/fr\/wp-json\/wp\/v2\/pages"}],"about":[{"href":"https:\/\/vancia.com\/fr\/wp-json\/wp\/v2\/types\/page"}],"author":[{"embeddable":true,"href":"https:\/\/vancia.com\/fr\/wp-json\/wp\/v2\/users\/1"}],"replies":[{"embeddable":true,"href":"https:\/\/vancia.com\/fr\/wp-json\/wp\/v2\/comments?post=975"}],"version-history":[{"count":12,"href":"https:\/\/vancia.com\/fr\/wp-json\/wp\/v2\/pages\/975\/revisions"}],"predecessor-version":[{"id":1842,"href":"https:\/\/vancia.com\/fr\/wp-json\/wp\/v2\/pages\/975\/revisions\/1842"}],"wp:attachment":[{"href":"https:\/\/vancia.com\/fr\/wp-json\/wp\/v2\/media?parent=975"}],"curies":[{"name":"wp","href":"https:\/\/api.w.org\/{rel}","templated":true}]}}