{"id":789,"date":"2025-07-01T18:59:46","date_gmt":"2025-07-01T18:59:46","guid":{"rendered":"https:\/\/fluohead-dev.com\/vancia\/deals-merkmodellen\/"},"modified":"2026-02-25T08:48:04","modified_gmt":"2026-02-25T08:48:04","slug":"vancia-car-center","status":"publish","type":"page","link":"https:\/\/vancia.com\/fr\/vancia-car-center\/","title":{"rendered":"Vancia Car Center"},"content":{"rendered":"","protected":false},"excerpt":{"rendered":"","protected":false},"author":1,"featured_media":0,"parent":0,"menu_order":0,"comment_status":"closed","ping_status":"closed","template":"page-markmodel.php","meta":{"_acf_changed":false,"footnotes":""},"class_list":["post-789","page","type-page","status-publish","hentry"],"acf":[],"yoast_head":"<!-- This site is optimized with the Yoast SEO plugin v26.9 - https:\/\/yoast.com\/product\/yoast-seo-wordpress\/ -->\n<title>Vancia Car Center - Vancia<\/title>\n<meta name=\"description\" content=\"Votre voiture n&#039;est pas encore livr\u00e9e, vous lancez votre entreprise ou vous accueillez un nouveau collaborateur ? Gr\u00e2ce \u00e0 nos voitures de transition, vous restez toujours mobile.\" \/>\n<meta name=\"robots\" content=\"index, follow, max-snippet:-1, max-image-preview:large, max-video-preview:-1\" \/>\n<link rel=\"canonical\" href=\"https:\/\/vancia.com\/fr\/vancia-car-center\/\" \/>\n<meta property=\"og:locale\" content=\"fr_FR\" \/>\n<meta property=\"og:type\" content=\"article\" \/>\n<meta property=\"og:title\" content=\"Vancia Car Center - Vancia\" \/>\n<meta property=\"og:description\" content=\"Votre voiture n&#039;est pas encore livr\u00e9e, vous lancez votre entreprise ou vous accueillez un nouveau collaborateur ? Gr\u00e2ce \u00e0 nos voitures de transition, vous restez toujours mobile.\" \/>\n<meta property=\"og:url\" content=\"https:\/\/vancia.com\/fr\/vancia-car-center\/\" \/>\n<meta property=\"og:site_name\" content=\"Vancia\" \/>\n<meta property=\"article:modified_time\" content=\"2026-02-25T08:48:04+00:00\" \/>\n<meta name=\"twitter:card\" content=\"summary_large_image\" \/>\n<script type=\"application\/ld+json\" class=\"yoast-schema-graph\">{\"@context\":\"https:\/\/schema.org\",\"@graph\":[{\"@type\":\"WebPage\",\"@id\":\"https:\/\/vancia.com\/fr\/vancia-car-center\/\",\"url\":\"https:\/\/vancia.com\/fr\/vancia-car-center\/\",\"name\":\"Vancia Car Center - Vancia\",\"isPartOf\":{\"@id\":\"https:\/\/vancia.com\/#website\"},\"datePublished\":\"2025-07-01T18:59:46+00:00\",\"dateModified\":\"2026-02-25T08:48:04+00:00\",\"description\":\"Votre voiture n'est pas encore livr\u00e9e, vous lancez votre entreprise ou vous accueillez un nouveau collaborateur ? Gr\u00e2ce \u00e0 nos voitures de transition, vous restez toujours mobile.\",\"breadcrumb\":{\"@id\":\"https:\/\/vancia.com\/fr\/vancia-car-center\/#breadcrumb\"},\"inLanguage\":\"fr-FR\",\"potentialAction\":[{\"@type\":\"ReadAction\",\"target\":[\"https:\/\/vancia.com\/fr\/vancia-car-center\/\"]}]},{\"@type\":\"BreadcrumbList\",\"@id\":\"https:\/\/vancia.com\/fr\/vancia-car-center\/#breadcrumb\",\"itemListElement\":[{\"@type\":\"ListItem\",\"position\":1,\"name\":\"Home\",\"item\":\"https:\/\/vancia.com\/fr\/\"},{\"@type\":\"ListItem\",\"position\":2,\"name\":\"Vancia Car Center\"}]},{\"@type\":\"WebSite\",\"@id\":\"https:\/\/vancia.com\/#website\",\"url\":\"https:\/\/vancia.com\/\",\"name\":\"Vancia\",\"description\":\"\",\"potentialAction\":[{\"@type\":\"SearchAction\",\"target\":{\"@type\":\"EntryPoint\",\"urlTemplate\":\"https:\/\/vancia.com\/?s={search_term_string}\"},\"query-input\":{\"@type\":\"PropertyValueSpecification\",\"valueRequired\":true,\"valueName\":\"search_term_string\"}}],\"inLanguage\":\"fr-FR\"}]}<\/script>\n<!-- \/ Yoast SEO plugin. -->","yoast_head_json":{"title":"Vancia Car Center - Vancia","description":"Votre voiture n'est pas encore livr\u00e9e, vous lancez votre entreprise ou vous accueillez un nouveau collaborateur ? Gr\u00e2ce \u00e0 nos voitures de transition, vous restez toujours mobile.","robots":{"index":"index","follow":"follow","max-snippet":"max-snippet:-1","max-image-preview":"max-image-preview:large","max-video-preview":"max-video-preview:-1"},"canonical":"https:\/\/vancia.com\/fr\/vancia-car-center\/","og_locale":"fr_FR","og_type":"article","og_title":"Vancia Car Center - Vancia","og_description":"Votre voiture n'est pas encore livr\u00e9e, vous lancez votre entreprise ou vous accueillez un nouveau collaborateur ? Gr\u00e2ce \u00e0 nos voitures de transition, vous restez toujours mobile.","og_url":"https:\/\/vancia.com\/fr\/vancia-car-center\/","og_site_name":"Vancia","article_modified_time":"2026-02-25T08:48:04+00:00","twitter_card":"summary_large_image","schema":{"@context":"https:\/\/schema.org","@graph":[{"@type":"WebPage","@id":"https:\/\/vancia.com\/fr\/vancia-car-center\/","url":"https:\/\/vancia.com\/fr\/vancia-car-center\/","name":"Vancia Car Center - Vancia","isPartOf":{"@id":"https:\/\/vancia.com\/#website"},"datePublished":"2025-07-01T18:59:46+00:00","dateModified":"2026-02-25T08:48:04+00:00","description":"Votre voiture n'est pas encore livr\u00e9e, vous lancez votre entreprise ou vous accueillez un nouveau collaborateur ? Gr\u00e2ce \u00e0 nos voitures de transition, vous restez toujours mobile.","breadcrumb":{"@id":"https:\/\/vancia.com\/fr\/vancia-car-center\/#breadcrumb"},"inLanguage":"fr-FR","potentialAction":[{"@type":"ReadAction","target":["https:\/\/vancia.com\/fr\/vancia-car-center\/"]}]},{"@type":"BreadcrumbList","@id":"https:\/\/vancia.com\/fr\/vancia-car-center\/#breadcrumb","itemListElement":[{"@type":"ListItem","position":1,"name":"Home","item":"https:\/\/vancia.com\/fr\/"},{"@type":"ListItem","position":2,"name":"Vancia Car Center"}]},{"@type":"WebSite","@id":"https:\/\/vancia.com\/#website","url":"https:\/\/vancia.com\/","name":"Vancia","description":"","potentialAction":[{"@type":"SearchAction","target":{"@type":"EntryPoint","urlTemplate":"https:\/\/vancia.com\/?s={search_term_string}"},"query-input":{"@type":"PropertyValueSpecification","valueRequired":true,"valueName":"search_term_string"}}],"inLanguage":"fr-FR"}]}},"_links":{"self":[{"href":"https:\/\/vancia.com\/fr\/wp-json\/wp\/v2\/pages\/789","targetHints":{"allow":["GET"]}}],"collection":[{"href":"https:\/\/vancia.com\/fr\/wp-json\/wp\/v2\/pages"}],"about":[{"href":"https:\/\/vancia.com\/fr\/wp-json\/wp\/v2\/types\/page"}],"author":[{"embeddable":true,"href":"https:\/\/vancia.com\/fr\/wp-json\/wp\/v2\/users\/1"}],"replies":[{"embeddable":true,"href":"https:\/\/vancia.com\/fr\/wp-json\/wp\/v2\/comments?post=789"}],"version-history":[{"count":20,"href":"https:\/\/vancia.com\/fr\/wp-json\/wp\/v2\/pages\/789\/revisions"}],"predecessor-version":[{"id":2556,"href":"https:\/\/vancia.com\/fr\/wp-json\/wp\/v2\/pages\/789\/revisions\/2556"}],"wp:attachment":[{"href":"https:\/\/vancia.com\/fr\/wp-json\/wp\/v2\/media?parent=789"}],"curies":[{"name":"wp","href":"https:\/\/api.w.org\/{rel}","templated":true}]}}