{"id":1003,"date":"2025-07-01T18:59:51","date_gmt":"2025-07-01T18:59:51","guid":{"rendered":"https:\/\/fluohead-dev.com\/vancia\/faq\/"},"modified":"2026-02-25T08:28:11","modified_gmt":"2026-02-25T08:28:11","slug":"faq","status":"publish","type":"page","link":"https:\/\/vancia.com\/fr\/faq\/","title":{"rendered":"FAQ"},"content":{"rendered":"<p data-start=\"0\" data-end=\"282\">Vous avez une question sur nos formules de leasing, nos services ou des questions pratiques concernant les d\u00e9g\u00e2ts, le contr\u00f4le technique ou l\u2019assurance\u202f? Nous avons rassembl\u00e9 ici les questions et r\u00e9ponses les plus fr\u00e9quentes pour que vous trouviez rapidement ce que vous cherchez.<\/p>\n<p data-start=\"284\" data-end=\"350\" data-is-last-node=\"\" data-is-only-node=\"\">Vous n\u2019avez toujours pas trouv\u00e9\u202f? N\u2019h\u00e9sitez pas \u00e0 nous contacter\u202f!<\/p>\n","protected":false},"excerpt":{"rendered":"<p>Questions fr\u00e9quemment pos\u00e9es<\/p>\n","protected":false},"author":1,"featured_media":567,"parent":0,"menu_order":0,"comment_status":"closed","ping_status":"closed","template":"page-faq.php","meta":{"_acf_changed":false,"footnotes":""},"class_list":["post-1003","page","type-page","status-publish","has-post-thumbnail","hentry"],"acf":[],"yoast_head":"<!-- This site is optimized with the Yoast SEO plugin v26.9 - https:\/\/yoast.com\/product\/yoast-seo-wordpress\/ -->\n<title>FAQ - Vancia<\/title>\n<meta name=\"description\" content=\"Trouvez rapidement la r\u00e9ponse \u00e0 votre question dans notre rubrique FAQ pratique. Vous n&#039;avez toujours pas trouv\u00e9 la r\u00e9ponse ? Contactez-nous.\" \/>\n<meta name=\"robots\" content=\"index, follow, max-snippet:-1, max-image-preview:large, max-video-preview:-1\" \/>\n<link rel=\"canonical\" href=\"https:\/\/vancia.com\/fr\/faq\/\" \/>\n<meta property=\"og:locale\" content=\"fr_FR\" \/>\n<meta property=\"og:type\" content=\"article\" \/>\n<meta property=\"og:title\" content=\"FAQ - Vancia\" \/>\n<meta property=\"og:description\" content=\"Trouvez rapidement la r\u00e9ponse \u00e0 votre question dans notre rubrique FAQ pratique. Vous n&#039;avez toujours pas trouv\u00e9 la r\u00e9ponse ? Contactez-nous.\" \/>\n<meta property=\"og:url\" content=\"https:\/\/vancia.com\/fr\/faq\/\" \/>\n<meta property=\"og:site_name\" content=\"Vancia\" \/>\n<meta property=\"article:modified_time\" content=\"2026-02-25T08:28:11+00:00\" \/>\n<meta property=\"og:image\" content=\"https:\/\/vancia.com\/wp-content\/uploads\/2025\/07\/DSCF1060.jpg\" \/>\n\t<meta property=\"og:image:width\" content=\"1920\" \/>\n\t<meta property=\"og:image:height\" content=\"1280\" \/>\n\t<meta property=\"og:image:type\" content=\"image\/jpeg\" \/>\n<meta name=\"twitter:card\" content=\"summary_large_image\" \/>\n<meta name=\"twitter:label1\" content=\"Dur\u00e9e de lecture estim\u00e9e\" \/>\n\t<meta name=\"twitter:data1\" content=\"1 minute\" \/>\n<script type=\"application\/ld+json\" class=\"yoast-schema-graph\">{\"@context\":\"https:\/\/schema.org\",\"@graph\":[{\"@type\":\"WebPage\",\"@id\":\"https:\/\/vancia.com\/fr\/faq\/\",\"url\":\"https:\/\/vancia.com\/fr\/faq\/\",\"name\":\"FAQ - Vancia\",\"isPartOf\":{\"@id\":\"https:\/\/vancia.com\/#website\"},\"primaryImageOfPage\":{\"@id\":\"https:\/\/vancia.com\/fr\/faq\/#primaryimage\"},\"image\":{\"@id\":\"https:\/\/vancia.com\/fr\/faq\/#primaryimage\"},\"thumbnailUrl\":\"https:\/\/vancia.com\/wp-content\/uploads\/2025\/07\/DSCF1060.jpg\",\"datePublished\":\"2025-07-01T18:59:51+00:00\",\"dateModified\":\"2026-02-25T08:28:11+00:00\",\"description\":\"Trouvez rapidement la r\u00e9ponse \u00e0 votre question dans notre rubrique FAQ pratique. Vous n'avez toujours pas trouv\u00e9 la r\u00e9ponse ? Contactez-nous.\",\"breadcrumb\":{\"@id\":\"https:\/\/vancia.com\/fr\/faq\/#breadcrumb\"},\"inLanguage\":\"fr-FR\",\"potentialAction\":[{\"@type\":\"ReadAction\",\"target\":[\"https:\/\/vancia.com\/fr\/faq\/\"]}]},{\"@type\":\"ImageObject\",\"inLanguage\":\"fr-FR\",\"@id\":\"https:\/\/vancia.com\/fr\/faq\/#primaryimage\",\"url\":\"https:\/\/vancia.com\/wp-content\/uploads\/2025\/07\/DSCF1060.jpg\",\"contentUrl\":\"https:\/\/vancia.com\/wp-content\/uploads\/2025\/07\/DSCF1060.jpg\",\"width\":1920,\"height\":1280},{\"@type\":\"BreadcrumbList\",\"@id\":\"https:\/\/vancia.com\/fr\/faq\/#breadcrumb\",\"itemListElement\":[{\"@type\":\"ListItem\",\"position\":1,\"name\":\"Home\",\"item\":\"https:\/\/vancia.com\/fr\/\"},{\"@type\":\"ListItem\",\"position\":2,\"name\":\"FAQ\"}]},{\"@type\":\"WebSite\",\"@id\":\"https:\/\/vancia.com\/#website\",\"url\":\"https:\/\/vancia.com\/\",\"name\":\"Vancia\",\"description\":\"\",\"potentialAction\":[{\"@type\":\"SearchAction\",\"target\":{\"@type\":\"EntryPoint\",\"urlTemplate\":\"https:\/\/vancia.com\/?s={search_term_string}\"},\"query-input\":{\"@type\":\"PropertyValueSpecification\",\"valueRequired\":true,\"valueName\":\"search_term_string\"}}],\"inLanguage\":\"fr-FR\"}]}<\/script>\n<!-- \/ Yoast SEO plugin. -->","yoast_head_json":{"title":"FAQ - Vancia","description":"Trouvez rapidement la r\u00e9ponse \u00e0 votre question dans notre rubrique FAQ pratique. Vous n'avez toujours pas trouv\u00e9 la r\u00e9ponse ? Contactez-nous.","robots":{"index":"index","follow":"follow","max-snippet":"max-snippet:-1","max-image-preview":"max-image-preview:large","max-video-preview":"max-video-preview:-1"},"canonical":"https:\/\/vancia.com\/fr\/faq\/","og_locale":"fr_FR","og_type":"article","og_title":"FAQ - Vancia","og_description":"Trouvez rapidement la r\u00e9ponse \u00e0 votre question dans notre rubrique FAQ pratique. Vous n'avez toujours pas trouv\u00e9 la r\u00e9ponse ? Contactez-nous.","og_url":"https:\/\/vancia.com\/fr\/faq\/","og_site_name":"Vancia","article_modified_time":"2026-02-25T08:28:11+00:00","og_image":[{"width":1920,"height":1280,"url":"https:\/\/vancia.com\/wp-content\/uploads\/2025\/07\/DSCF1060.jpg","type":"image\/jpeg"}],"twitter_card":"summary_large_image","twitter_misc":{"Dur\u00e9e de lecture estim\u00e9e":"1 minute"},"schema":{"@context":"https:\/\/schema.org","@graph":[{"@type":"WebPage","@id":"https:\/\/vancia.com\/fr\/faq\/","url":"https:\/\/vancia.com\/fr\/faq\/","name":"FAQ - Vancia","isPartOf":{"@id":"https:\/\/vancia.com\/#website"},"primaryImageOfPage":{"@id":"https:\/\/vancia.com\/fr\/faq\/#primaryimage"},"image":{"@id":"https:\/\/vancia.com\/fr\/faq\/#primaryimage"},"thumbnailUrl":"https:\/\/vancia.com\/wp-content\/uploads\/2025\/07\/DSCF1060.jpg","datePublished":"2025-07-01T18:59:51+00:00","dateModified":"2026-02-25T08:28:11+00:00","description":"Trouvez rapidement la r\u00e9ponse \u00e0 votre question dans notre rubrique FAQ pratique. Vous n'avez toujours pas trouv\u00e9 la r\u00e9ponse ? Contactez-nous.","breadcrumb":{"@id":"https:\/\/vancia.com\/fr\/faq\/#breadcrumb"},"inLanguage":"fr-FR","potentialAction":[{"@type":"ReadAction","target":["https:\/\/vancia.com\/fr\/faq\/"]}]},{"@type":"ImageObject","inLanguage":"fr-FR","@id":"https:\/\/vancia.com\/fr\/faq\/#primaryimage","url":"https:\/\/vancia.com\/wp-content\/uploads\/2025\/07\/DSCF1060.jpg","contentUrl":"https:\/\/vancia.com\/wp-content\/uploads\/2025\/07\/DSCF1060.jpg","width":1920,"height":1280},{"@type":"BreadcrumbList","@id":"https:\/\/vancia.com\/fr\/faq\/#breadcrumb","itemListElement":[{"@type":"ListItem","position":1,"name":"Home","item":"https:\/\/vancia.com\/fr\/"},{"@type":"ListItem","position":2,"name":"FAQ"}]},{"@type":"WebSite","@id":"https:\/\/vancia.com\/#website","url":"https:\/\/vancia.com\/","name":"Vancia","description":"","potentialAction":[{"@type":"SearchAction","target":{"@type":"EntryPoint","urlTemplate":"https:\/\/vancia.com\/?s={search_term_string}"},"query-input":{"@type":"PropertyValueSpecification","valueRequired":true,"valueName":"search_term_string"}}],"inLanguage":"fr-FR"}]}},"_links":{"self":[{"href":"https:\/\/vancia.com\/fr\/wp-json\/wp\/v2\/pages\/1003","targetHints":{"allow":["GET"]}}],"collection":[{"href":"https:\/\/vancia.com\/fr\/wp-json\/wp\/v2\/pages"}],"about":[{"href":"https:\/\/vancia.com\/fr\/wp-json\/wp\/v2\/types\/page"}],"author":[{"embeddable":true,"href":"https:\/\/vancia.com\/fr\/wp-json\/wp\/v2\/users\/1"}],"replies":[{"embeddable":true,"href":"https:\/\/vancia.com\/fr\/wp-json\/wp\/v2\/comments?post=1003"}],"version-history":[{"count":12,"href":"https:\/\/vancia.com\/fr\/wp-json\/wp\/v2\/pages\/1003\/revisions"}],"predecessor-version":[{"id":2392,"href":"https:\/\/vancia.com\/fr\/wp-json\/wp\/v2\/pages\/1003\/revisions\/2392"}],"wp:featuredmedia":[{"embeddable":true,"href":"https:\/\/vancia.com\/fr\/wp-json\/wp\/v2\/media\/567"}],"wp:attachment":[{"href":"https:\/\/vancia.com\/fr\/wp-json\/wp\/v2\/media?parent=1003"}],"curies":[{"name":"wp","href":"https:\/\/api.w.org\/{rel}","templated":true}]}}